{"id":602746,"date":"2021-03-17T23:21:05","date_gmt":"2021-03-17T22:21:05","guid":{"rendered":"https:\/\/www.filmjus.hu\/valasztasi-gyulesi-jegyzokonyvek\/"},"modified":"2024-04-10T12:07:26","modified_gmt":"2024-04-10T11:07:26","slug":"minutes-of-the-electoral-meeting","status":"publish","type":"page","link":"https:\/\/www.filmjus.hu\/en\/minutes-of-the-electoral-meeting\/","title":{"rendered":"Minutes of the Electoral Meeting"},"content":{"rendered":"\t\t<div data-elementor-type=\"wp-page\" data-elementor-id=\"602746\" class=\"elementor elementor-602746 elementor-7094\" data-elementor-post-type=\"page\">\n\t\t\t\t\t\t<section class=\"elementor-section elementor-top-section elementor-element elementor-element-6586667 elementor-section-boxed elementor-section-height-default elementor-section-height-default qodef-elementor-content-no\" data-id=\"6586667\" data-element_type=\"section\" data-e-type=\"section\">\n\t\t\t\t\t\t<div class=\"elementor-container elementor-column-gap-default\">\n\t\t\t\t\t<div class=\"elementor-column elementor-col-66 elementor-top-column elementor-element elementor-element-22ac12aa\" data-id=\"22ac12aa\" data-element_type=\"column\" data-e-type=\"column\">\n\t\t\t<div class=\"elementor-widget-wrap elementor-element-populated\">\n\t\t\t\t\t\t<div class=\"elementor-element elementor-element-1c633c72 elementor-widget elementor-widget-text-editor\" data-id=\"1c633c72\" data-element_type=\"widget\" data-e-type=\"widget\" data-widget_type=\"text-editor.default\">\n\t\t\t\t<div class=\"elementor-widget-container\">\n\t\t\t\t\t\t\t\t\t<p><\/p>\n<h4>A FilmJUS 2024. m\u00e1rcius 14-\u00e9n tartott V\u00e1laszt\u00e1si gy\u0171l\u00e9s\u00e9nek jegyz\u0151k\u00f6nyve<\/h4>\n<p>(.pdf f\u00e1jl, 1920KB)<\/p>\n<p><\/p>\t\t\t\t\t\t\t\t<\/div>\n\t\t\t\t<\/div>\n\t\t\t\t\t<\/div>\n\t\t<\/div>\n\t\t\t\t<div class=\"elementor-column elementor-col-33 elementor-top-column elementor-element elementor-element-981ed7f\" data-id=\"981ed7f\" data-element_type=\"column\" data-e-type=\"column\">\n\t\t\t<div class=\"elementor-widget-wrap elementor-element-populated\">\n\t\t\t\t\t\t<div class=\"elementor-element elementor-element-703fe7f elementor-widget elementor-widget-image\" data-id=\"703fe7f\" data-element_type=\"widget\" data-e-type=\"widget\" data-widget_type=\"image.default\">\n\t\t\t\t<div class=\"elementor-widget-container\">\n\t\t\t\t\t\t\t\t\t\t\t\t\t\t\t\t<a href=\"\/assets\/uploads\/jegyzokonyv\/jk_valgyu_20240314.pdf\" target=\"_blank\">\n\t\t\t\t\t\t\t<img fetchpriority=\"high\" decoding=\"async\" width=\"220\" height=\"311\" src=\"https:\/\/www.filmjus.hu\/assets\/uploads\/jegyzokonyv\/jk_valgyu_20240314.jpg\" class=\"attachment-full size-full wp-image-602741\" alt=\"\" srcset=\"https:\/\/www.filmjus.hu\/assets\/uploads\/jegyzokonyv\/jk_valgyu_20240314.jpg 220w, https:\/\/www.filmjus.hu\/assets\/uploads\/jegyzokonyv\/jk_valgyu_20240314-212x300.jpg 212w\" sizes=\"(max-width: 220px) 100vw, 220px\" \/>\t\t\t\t\t\t\t\t<\/a>\n\t\t\t\t\t\t\t\t\t\t\t\t\t\t\t<\/div>\n\t\t\t\t<\/div>\n\t\t\t\t\t<\/div>\n\t\t<\/div>\n\t\t\t\t\t<\/div>\n\t\t<\/section>\n\t\t\t\t<section class=\"elementor-section elementor-top-section elementor-element elementor-element-5e89c17 elementor-section-boxed elementor-section-height-default elementor-section-height-default qodef-elementor-content-no\" data-id=\"5e89c17\" data-element_type=\"section\" data-e-type=\"section\">\n\t\t\t\t\t\t<div class=\"elementor-container elementor-column-gap-default\">\n\t\t\t\t\t<div class=\"elementor-column elementor-col-66 elementor-top-column elementor-element elementor-element-c2143bb\" data-id=\"c2143bb\" data-element_type=\"column\" data-e-type=\"column\">\n\t\t\t<div class=\"elementor-widget-wrap elementor-element-populated\">\n\t\t\t\t\t\t<div class=\"elementor-element elementor-element-2c52b72 elementor-widget elementor-widget-text-editor\" data-id=\"2c52b72\" data-element_type=\"widget\" data-e-type=\"widget\" data-widget_type=\"text-editor.default\">\n\t\t\t\t<div class=\"elementor-widget-container\">\n\t\t\t\t\t\t\t\t\t<p><\/p>\n<p><\/p>\n<h4>A FilmJUS 2020. febru\u00e1r 25-\u00e9n tartott V\u00e1laszt\u00e1si gy\u0171l\u00e9s\u00e9nek jegyz\u0151k\u00f6nyve<\/h4>\n<p>(.pdf f\u00e1jl, 1808KB)<\/p>\n<p><\/p>\n<p>\u00a0<\/p>\n<p><\/p>\t\t\t\t\t\t\t\t<\/div>\n\t\t\t\t<\/div>\n\t\t\t\t\t<\/div>\n\t\t<\/div>\n\t\t\t\t<div class=\"elementor-column elementor-col-33 elementor-top-column elementor-element elementor-element-3fb25d0\" data-id=\"3fb25d0\" data-element_type=\"column\" data-e-type=\"column\">\n\t\t\t<div class=\"elementor-widget-wrap elementor-element-populated\">\n\t\t\t\t\t\t<div class=\"elementor-element elementor-element-807bee8 elementor-widget elementor-widget-image\" data-id=\"807bee8\" data-element_type=\"widget\" data-e-type=\"widget\" data-widget_type=\"image.default\">\n\t\t\t\t<div class=\"elementor-widget-container\">\n\t\t\t\t\t\t\t\t\t\t\t\t\t\t\t\t<a href=\"\/assets\/uploads\/jegyzokonyv\/jk_vgy_20200225.pdf\" target=\"_blank\">\n\t\t\t\t\t\t\t<img decoding=\"async\" width=\"220\" height=\"311\" src=\"https:\/\/www.filmjus.hu\/assets\/uploads\/jegyzokonyv\/jk_vgy_20200225_thumb.jpg\" class=\"attachment-full size-full wp-image-9118\" alt=\"\" srcset=\"https:\/\/www.filmjus.hu\/assets\/uploads\/jegyzokonyv\/jk_vgy_20200225_thumb.jpg 220w, https:\/\/www.filmjus.hu\/assets\/uploads\/jegyzokonyv\/jk_vgy_20200225_thumb-212x300.jpg 212w\" sizes=\"(max-width: 220px) 100vw, 220px\" \/>\t\t\t\t\t\t\t\t<\/a>\n\t\t\t\t\t\t\t\t\t\t\t\t\t\t\t<\/div>\n\t\t\t\t<\/div>\n\t\t\t\t\t<\/div>\n\t\t<\/div>\n\t\t\t\t\t<\/div>\n\t\t<\/section>\n\t\t\t\t<section class=\"elementor-section elementor-top-section elementor-element elementor-element-1acd2db elementor-section-boxed elementor-section-height-default elementor-section-height-default qodef-elementor-content-no\" data-id=\"1acd2db\" data-element_type=\"section\" data-e-type=\"section\">\n\t\t\t\t\t\t<div class=\"elementor-container elementor-column-gap-default\">\n\t\t\t\t\t<div class=\"elementor-column elementor-col-66 elementor-top-column elementor-element elementor-element-141415e\" data-id=\"141415e\" data-element_type=\"column\" data-e-type=\"column\">\n\t\t\t<div class=\"elementor-widget-wrap elementor-element-populated\">\n\t\t\t\t\t\t<div class=\"elementor-element elementor-element-610d1c8 elementor-widget elementor-widget-text-editor\" data-id=\"610d1c8\" data-element_type=\"widget\" data-e-type=\"widget\" data-widget_type=\"text-editor.default\">\n\t\t\t\t<div class=\"elementor-widget-container\">\n\t\t\t\t\t\t\t\t\t<p><\/p>\n<h4>A FilmJUS 2016. febru\u00e1r 25-\u00e9n tartott V\u00e1laszt\u00e1si Gy\u0171l\u00e9s\u00e9nek jegyz\u0151k\u00f6nyve<\/h4>\n<p><\/p>\n<p>(.pdf, 1758KB)<\/p>\n<p><\/p>\t\t\t\t\t\t\t\t<\/div>\n\t\t\t\t<\/div>\n\t\t\t\t\t<\/div>\n\t\t<\/div>\n\t\t\t\t<div class=\"elementor-column elementor-col-33 elementor-top-column elementor-element elementor-element-1bc3902\" data-id=\"1bc3902\" data-element_type=\"column\" data-e-type=\"column\">\n\t\t\t<div class=\"elementor-widget-wrap elementor-element-populated\">\n\t\t\t\t\t\t<div class=\"elementor-element elementor-element-7f97806 elementor-widget elementor-widget-image\" data-id=\"7f97806\" data-element_type=\"widget\" data-e-type=\"widget\" data-widget_type=\"image.default\">\n\t\t\t\t<div class=\"elementor-widget-container\">\n\t\t\t\t\t\t\t\t\t\t\t\t\t\t\t\t<a href=\"\/assets\/uploads\/jegyzokonyv\/jk_valasztasi_20160225.pdf\" target=\"_blank\">\n\t\t\t\t\t\t\t<img decoding=\"async\" width=\"220\" height=\"311\" src=\"https:\/\/www.filmjus.hu\/assets\/uploads\/jegyzokonyv\/jk_valasztasi_20160225_thumb.jpg\" class=\"attachment-full size-full wp-image-9117\" alt=\"\" srcset=\"https:\/\/www.filmjus.hu\/assets\/uploads\/jegyzokonyv\/jk_valasztasi_20160225_thumb.jpg 220w, https:\/\/www.filmjus.hu\/assets\/uploads\/jegyzokonyv\/jk_valasztasi_20160225_thumb-212x300.jpg 212w\" sizes=\"(max-width: 220px) 100vw, 220px\" \/>\t\t\t\t\t\t\t\t<\/a>\n\t\t\t\t\t\t\t\t\t\t\t\t\t\t\t<\/div>\n\t\t\t\t<\/div>\n\t\t\t\t\t<\/div>\n\t\t<\/div>\n\t\t\t\t\t<\/div>\n\t\t<\/section>\n\t\t\t\t<\/div>\n\t\t","protected":false},"excerpt":{"rendered":"<p>A FilmJUS 2024. m\u00e1rcius 14-\u00e9n tartott V\u00e1laszt\u00e1si gy\u0171l\u00e9s\u00e9nek jegyz\u0151k\u00f6nyve (.pdf f\u00e1jl, 1920KB) A FilmJUS 2020. febru\u00e1r 25-\u00e9n tartott V\u00e1laszt\u00e1si gy\u0171l\u00e9s\u00e9nek jegyz\u0151k\u00f6nyve (.pdf f\u00e1jl, 1808KB) \u00a0 A FilmJUS 2016. febru\u00e1r 25-\u00e9n tartott V\u00e1laszt\u00e1si Gy\u0171l\u00e9s\u00e9nek jegyz\u0151k\u00f6nyve (.pdf, 1758KB)<\/p>\n","protected":false},"author":1,"featured_media":0,"parent":0,"menu_order":0,"comment_status":"closed","ping_status":"closed","template":"","meta":{"_acf_changed":false,"inline_featured_image":false,"footnotes":""},"class_list":["post-602746","page","type-page","status-publish","hentry"],"acf":[],"_links":{"self":[{"href":"https:\/\/www.filmjus.hu\/en\/wp-json\/wp\/v2\/pages\/602746","targetHints":{"allow":["GET"]}}],"collection":[{"href":"https:\/\/www.filmjus.hu\/en\/wp-json\/wp\/v2\/pages"}],"about":[{"href":"https:\/\/www.filmjus.hu\/en\/wp-json\/wp\/v2\/types\/page"}],"author":[{"embeddable":true,"href":"https:\/\/www.filmjus.hu\/en\/wp-json\/wp\/v2\/users\/1"}],"replies":[{"embeddable":true,"href":"https:\/\/www.filmjus.hu\/en\/wp-json\/wp\/v2\/comments?post=602746"}],"version-history":[{"count":0,"href":"https:\/\/www.filmjus.hu\/en\/wp-json\/wp\/v2\/pages\/602746\/revisions"}],"wp:attachment":[{"href":"https:\/\/www.filmjus.hu\/en\/wp-json\/wp\/v2\/media?parent=602746"}],"curies":[{"name":"wp","href":"https:\/\/api.w.org\/{rel}","templated":true}]}}