{"id":565333,"date":"2022-09-08T11:16:13","date_gmt":"2022-09-08T10:16:13","guid":{"rendered":"https:\/\/www.filmjus.hu\/belfoldi-partnerszervezetek\/"},"modified":"2025-07-10T08:12:00","modified_gmt":"2025-07-10T07:12:00","slug":"belfoldi-partnerszervezetek","status":"publish","type":"page","link":"https:\/\/www.filmjus.hu\/en\/belfoldi-partnerszervezetek\/","title":{"rendered":"Belf\u00f6ldi partnerszervezetek"},"content":{"rendered":"\t\t<div data-elementor-type=\"wp-page\" data-elementor-id=\"565333\" class=\"elementor elementor-565333 elementor-565328\" data-elementor-post-type=\"page\">\n\t\t\t\t\t\t<section class=\"elementor-section elementor-top-section elementor-element elementor-element-2ae5da1 elementor-section-boxed elementor-section-height-default elementor-section-height-default qodef-elementor-content-no\" data-id=\"2ae5da1\" data-element_type=\"section\" data-e-type=\"section\">\n\t\t\t\t\t\t<div class=\"elementor-container elementor-column-gap-default\">\n\t\t\t\t\t<div class=\"elementor-column elementor-col-33 elementor-top-column elementor-element elementor-element-63c3744\" data-id=\"63c3744\" data-element_type=\"column\" data-e-type=\"column\">\n\t\t\t<div class=\"elementor-widget-wrap elementor-element-populated\">\n\t\t\t\t\t\t<div class=\"elementor-element elementor-element-0dd40b2 pp-info-box-top elementor-widget elementor-widget-pp-info-box\" data-id=\"0dd40b2\" data-element_type=\"widget\" data-e-type=\"widget\" data-settings=\"{&quot;_animation&quot;:&quot;none&quot;,&quot;icon_position&quot;:&quot;top&quot;}\" data-widget_type=\"pp-info-box.default\">\n\t\t\t\t<div class=\"elementor-widget-container\">\n\t\t\t\t\t\t\t<a class=\"pp-info-box-container\" href=\"https:\/\/www.artisjus.hu\/\" rel=\"nofollow noopener\" target=\"_blank\">\n\t\t\t<div class=\"pp-info-box\">\n\t\t\t\t\t\t\t\t\t<div class=\"pp-info-box-icon-wrap\">\n\t\t\t\t\t\t\t\t\t\t\t\t\t\t<span class=\"pp-info-box-icon pp-icon\">\n\t\t\t<img decoding=\"async\" width=\"175\" height=\"175\" src=\"https:\/\/www.filmjus.hu\/assets\/uploads\/partnerek\/artisjus_logo_175.png\" class=\"attachment-full size-full wp-image-5480\" alt=\"\" srcset=\"https:\/\/www.filmjus.hu\/assets\/uploads\/partnerek\/artisjus_logo_175.png 175w, https:\/\/www.filmjus.hu\/assets\/uploads\/partnerek\/artisjus_logo_175-150x150.png 150w\" sizes=\"(max-width: 175px) 100vw, 175px\" \/>\t\t<\/span>\n\t\t\t\t\t\t\t\t\t\t\t\t\t<\/div>\n\t\t\t\t\t\t\t\t<div class=\"pp-info-box-content\">\n\t\t\t\t\t<div class=\"pp-info-box-title-wrap\">\n\t\t\t\t\t\t\t\t\t\t\t\t\t<div class=\"pp-info-box-title-container\">\n\t\t\t\t\t\t\t\t<h3 class=\"pp-info-box-title\">\n\t\t\t\t\t\t\t\t\tARTISJUS\t\t\t\t\t\t\t\t<\/h3>\n\t\t\t\t\t\t\t<\/div>\n\t\t\t\t\t\t\t\t\t\t\t\t\t\t<h5 class=\"pp-info-box-subtitle\">\n\t\t\t\t\t\t\t\tMagyar Szerz\u0151i Jogv\u00e9d\u0151 Iroda Egyes\u00fclet<\/br>\t\t\t\t\t\t\t<\/h5>\n\t\t\t\t\t\t\t\t\t\t\t\t<\/div>\n\n\t\t\t\t\t\t\t\t\t\t\t<div class=\"pp-info-box-divider-wrap\">\n\t\t\t\t\t\t\t<div class=\"pp-info-box-divider\"><\/div>\n\t\t\t\t\t\t<\/div>\n\t\t\t\t\t\n\t\t\t\t\t\t\t\t\t\t\t<div class=\"pp-info-box-description\">\n\t\t\t\t\t\t\t<p>c\u00edm: 1016 Budapest, M\u00e9sz\u00e1ros utca 15-17.<br \/>el\u00e9rhet\u0151s\u00e9g: tel.: +36 1 488 2600; fax: +36 1 212 1544<br \/>honlap: https:\/\/www.artisjus.hu\/<\/p>\t\t\t\t\t\t<\/div>\n\t\t\t\t\t\t\t\t\t\t\t\t\t\t<\/div>\n\t\t\t<\/div>\n\t\t<\/a>\n\t\t\t\t\t\t<\/div>\n\t\t\t\t<\/div>\n\t\t\t\t<div class=\"elementor-element elementor-element-a899213 pp-info-box-top elementor-widget elementor-widget-pp-info-box\" data-id=\"a899213\" data-element_type=\"widget\" data-e-type=\"widget\" data-settings=\"{&quot;icon_position&quot;:&quot;top&quot;}\" data-widget_type=\"pp-info-box.default\">\n\t\t\t\t<div class=\"elementor-widget-container\">\n\t\t\t\t\t\t\t<a class=\"pp-info-box-container\" href=\"https:\/\/www.mahasz.hu\/\" rel=\"nofollow noopener\" target=\"_blank\">\n\t\t\t<div class=\"pp-info-box\">\n\t\t\t\t\t\t\t\t\t<div class=\"pp-info-box-icon-wrap\">\n\t\t\t\t\t\t\t\t\t\t\t\t\t\t<span class=\"pp-info-box-icon pp-icon\">\n\t\t\t<img decoding=\"async\" width=\"175\" height=\"175\" src=\"https:\/\/www.filmjus.hu\/assets\/uploads\/partnerek\/mahasz_logo_175.png\" class=\"attachment-full size-full wp-image-5479\" alt=\"\" srcset=\"https:\/\/www.filmjus.hu\/assets\/uploads\/partnerek\/mahasz_logo_175.png 175w, https:\/\/www.filmjus.hu\/assets\/uploads\/partnerek\/mahasz_logo_175-150x150.png 150w\" sizes=\"(max-width: 175px) 100vw, 175px\" \/>\t\t<\/span>\n\t\t\t\t\t\t\t\t\t\t\t\t\t<\/div>\n\t\t\t\t\t\t\t\t<div class=\"pp-info-box-content\">\n\t\t\t\t\t<div class=\"pp-info-box-title-wrap\">\n\t\t\t\t\t\t\t\t\t\t\t\t\t<div class=\"pp-info-box-title-container\">\n\t\t\t\t\t\t\t\t<h3 class=\"pp-info-box-title\">\n\t\t\t\t\t\t\t\t\tMAHASZ\t\t\t\t\t\t\t\t<\/h3>\n\t\t\t\t\t\t\t<\/div>\n\t\t\t\t\t\t\t\t\t\t\t\t\t\t<h5 class=\"pp-info-box-subtitle\">\n\t\t\t\t\t\t\t\tMagyar Hanglemezkiad\u00f3k Sz\u00f6vets\u00e9ge<\/br>\t\t\t\t\t\t\t<\/h5>\n\t\t\t\t\t\t\t\t\t\t\t\t<\/div>\n\n\t\t\t\t\t\t\t\t\t\t\t<div class=\"pp-info-box-divider-wrap\">\n\t\t\t\t\t\t\t<div class=\"pp-info-box-divider\"><\/div>\n\t\t\t\t\t\t<\/div>\n\t\t\t\t\t\n\t\t\t\t\t\t\t\t\t\t\t<div class=\"pp-info-box-description\">\n\t\t\t\t\t\t\t<p>c\u00edm: 1113 Budapest, Harcos t\u00e9r 5.<br \/>el\u00e9rhet\u0151s\u00e9g: tel.: +36 1 391 4200; fax: +36 1 200 2679<br \/>honlap: https:\/\/www.mahasz.hu\/<\/p>\t\t\t\t\t\t<\/div>\n\t\t\t\t\t\t\t\t\t\t\t\t\t\t<\/div>\n\t\t\t<\/div>\n\t\t<\/a>\n\t\t\t\t\t\t<\/div>\n\t\t\t\t<\/div>\n\t\t\t\t\t<\/div>\n\t\t<\/div>\n\t\t\t\t<div class=\"elementor-column elementor-col-33 elementor-top-column elementor-element elementor-element-6490ac1\" data-id=\"6490ac1\" data-element_type=\"column\" data-e-type=\"column\">\n\t\t\t<div class=\"elementor-widget-wrap elementor-element-populated\">\n\t\t\t\t\t\t<div class=\"elementor-element elementor-element-c86a7c0 pp-info-box-top elementor-widget elementor-widget-pp-info-box\" data-id=\"c86a7c0\" data-element_type=\"widget\" data-e-type=\"widget\" data-settings=\"{&quot;icon_position&quot;:&quot;top&quot;}\" data-widget_type=\"pp-info-box.default\">\n\t\t\t\t<div class=\"elementor-widget-container\">\n\t\t\t\t\t\t\t<a class=\"pp-info-box-container\" href=\"https:\/\/www.eji.hu\/\" rel=\"nofollow noopener\" target=\"_blank\">\n\t\t\t<div class=\"pp-info-box\">\n\t\t\t\t\t\t\t\t\t<div class=\"pp-info-box-icon-wrap\">\n\t\t\t\t\t\t\t\t\t\t\t\t\t\t<span class=\"pp-info-box-icon pp-icon\">\n\t\t\t<img decoding=\"async\" width=\"175\" height=\"175\" src=\"https:\/\/www.filmjus.hu\/assets\/uploads\/partnerek\/eji_logo_175.png\" class=\"attachment-full size-full wp-image-5483\" alt=\"\" srcset=\"https:\/\/www.filmjus.hu\/assets\/uploads\/partnerek\/eji_logo_175.png 175w, https:\/\/www.filmjus.hu\/assets\/uploads\/partnerek\/eji_logo_175-150x150.png 150w\" sizes=\"(max-width: 175px) 100vw, 175px\" \/>\t\t<\/span>\n\t\t\t\t\t\t\t\t\t\t\t\t\t<\/div>\n\t\t\t\t\t\t\t\t<div class=\"pp-info-box-content\">\n\t\t\t\t\t<div class=\"pp-info-box-title-wrap\">\n\t\t\t\t\t\t\t\t\t\t\t\t\t<div class=\"pp-info-box-title-container\">\n\t\t\t\t\t\t\t\t<h3 class=\"pp-info-box-title\">\n\t\t\t\t\t\t\t\t\tEJI\t\t\t\t\t\t\t\t<\/h3>\n\t\t\t\t\t\t\t<\/div>\n\t\t\t\t\t\t\t\t\t\t\t\t\t\t<h5 class=\"pp-info-box-subtitle\">\n\t\t\t\t\t\t\t\tEl\u0151ad\u00f3m\u0171v\u00e9szi Jogv\u00e9d\u0151 Iroda<\/br><\/br>\t\t\t\t\t\t\t<\/h5>\n\t\t\t\t\t\t\t\t\t\t\t\t<\/div>\n\n\t\t\t\t\t\t\t\t\t\t\t<div class=\"pp-info-box-divider-wrap\">\n\t\t\t\t\t\t\t<div class=\"pp-info-box-divider\"><\/div>\n\t\t\t\t\t\t<\/div>\n\t\t\t\t\t\n\t\t\t\t\t\t\t\t\t\t\t<div class=\"pp-info-box-description\">\n\t\t\t\t\t\t\t<p>c\u00edm: 1068 Budapest, V\u00e1rosligeti fasor 38.<br \/>el\u00e9rhet\u0151s\u00e9g: tel: +36 1 479 5160; fax: +36 1 479 5163<br \/>honlap: https:\/\/www.eji.hu\/<\/p>\t\t\t\t\t\t<\/div>\n\t\t\t\t\t\t\t\t\t\t\t\t\t\t<\/div>\n\t\t\t<\/div>\n\t\t<\/a>\n\t\t\t\t\t\t<\/div>\n\t\t\t\t<\/div>\n\t\t\t\t<div class=\"elementor-element elementor-element-135c701 pp-info-box-top elementor-widget elementor-widget-pp-info-box\" data-id=\"135c701\" data-element_type=\"widget\" data-e-type=\"widget\" data-settings=\"{&quot;icon_position&quot;:&quot;top&quot;}\" data-widget_type=\"pp-info-box.default\">\n\t\t\t\t<div class=\"elementor-widget-container\">\n\t\t\t\t\t\t\t<a class=\"pp-info-box-container\" href=\"https:\/\/www.proart.hu\/\" rel=\"nofollow noopener\" target=\"_blank\">\n\t\t\t<div class=\"pp-info-box\">\n\t\t\t\t\t\t\t\t\t<div class=\"pp-info-box-icon-wrap\">\n\t\t\t\t\t\t\t\t\t\t\t\t\t\t<span class=\"pp-info-box-icon pp-icon\">\n\t\t\t<img loading=\"lazy\" decoding=\"async\" width=\"175\" height=\"175\" src=\"https:\/\/www.filmjus.hu\/assets\/uploads\/partnerek\/proart_logo_175.png\" class=\"attachment-full size-full wp-image-5482\" alt=\"\" srcset=\"https:\/\/www.filmjus.hu\/assets\/uploads\/partnerek\/proart_logo_175.png 175w, https:\/\/www.filmjus.hu\/assets\/uploads\/partnerek\/proart_logo_175-150x150.png 150w\" sizes=\"(max-width: 175px) 100vw, 175px\" \/>\t\t<\/span>\n\t\t\t\t\t\t\t\t\t\t\t\t\t<\/div>\n\t\t\t\t\t\t\t\t<div class=\"pp-info-box-content\">\n\t\t\t\t\t<div class=\"pp-info-box-title-wrap\">\n\t\t\t\t\t\t\t\t\t\t\t\t\t<div class=\"pp-info-box-title-container\">\n\t\t\t\t\t\t\t\t<h3 class=\"pp-info-box-title\">\n\t\t\t\t\t\t\t\t\tProArt\t\t\t\t\t\t\t\t<\/h3>\n\t\t\t\t\t\t\t<\/div>\n\t\t\t\t\t\t\t\t\t\t\t\t\t\t<h5 class=\"pp-info-box-subtitle\">\n\t\t\t\t\t\t\t\tSz\u00f6vets\u00e9g a Szerz\u0151i Jogok\u00e9rt<\/br><\/br>\t\t\t\t\t\t\t<\/h5>\n\t\t\t\t\t\t\t\t\t\t\t\t<\/div>\n\n\t\t\t\t\t\t\t\t\t\t\t<div class=\"pp-info-box-divider-wrap\">\n\t\t\t\t\t\t\t<div class=\"pp-info-box-divider\"><\/div>\n\t\t\t\t\t\t<\/div>\n\t\t\t\t\t\n\t\t\t\t\t\t\t\t\t\t\t<div class=\"pp-info-box-description\">\n\t\t\t\t\t\t\t<p>c\u00edm: 1012 Budapest, P\u00e1lya u. 4-6.<br \/>el\u00e9rhet\u0151s\u00e9g: tel: +36 1 488 7006; fax: +36 1 488 7007<br \/>honlap: https:\/\/www.proart.hu\/<\/p>\t\t\t\t\t\t<\/div>\n\t\t\t\t\t\t\t\t\t\t\t\t\t\t<\/div>\n\t\t\t<\/div>\n\t\t<\/a>\n\t\t\t\t\t\t<\/div>\n\t\t\t\t<\/div>\n\t\t\t\t\t<\/div>\n\t\t<\/div>\n\t\t\t\t<div class=\"elementor-column elementor-col-33 elementor-top-column elementor-element elementor-element-817a066\" data-id=\"817a066\" data-element_type=\"column\" data-e-type=\"column\">\n\t\t\t<div class=\"elementor-widget-wrap elementor-element-populated\">\n\t\t\t\t\t\t<div class=\"elementor-element elementor-element-1b2afcf pp-info-box-top elementor-widget elementor-widget-pp-info-box\" data-id=\"1b2afcf\" data-element_type=\"widget\" data-e-type=\"widget\" data-settings=\"{&quot;icon_position&quot;:&quot;top&quot;}\" data-widget_type=\"pp-info-box.default\">\n\t\t\t\t<div class=\"elementor-widget-container\">\n\t\t\t\t\t\t\t<a class=\"pp-info-box-container\" href=\"http:\/\/www.hungart.org\" rel=\"nofollow noopener\" target=\"_blank\">\n\t\t\t<div class=\"pp-info-box\">\n\t\t\t\t\t\t\t\t\t<div class=\"pp-info-box-icon-wrap\">\n\t\t\t\t\t\t\t\t\t\t\t\t\t\t<span class=\"pp-info-box-icon pp-icon\">\n\t\t\t<img loading=\"lazy\" decoding=\"async\" width=\"175\" height=\"175\" src=\"https:\/\/www.filmjus.hu\/assets\/uploads\/partnerek\/hungart_logo_175.png\" class=\"attachment-full size-full wp-image-5481\" alt=\"\" srcset=\"https:\/\/www.filmjus.hu\/assets\/uploads\/partnerek\/hungart_logo_175.png 175w, https:\/\/www.filmjus.hu\/assets\/uploads\/partnerek\/hungart_logo_175-150x150.png 150w\" sizes=\"(max-width: 175px) 100vw, 175px\" \/>\t\t<\/span>\n\t\t\t\t\t\t\t\t\t\t\t\t\t<\/div>\n\t\t\t\t\t\t\t\t<div class=\"pp-info-box-content\">\n\t\t\t\t\t<div class=\"pp-info-box-title-wrap\">\n\t\t\t\t\t\t\t\t\t\t\t\t\t<div class=\"pp-info-box-title-container\">\n\t\t\t\t\t\t\t\t<h3 class=\"pp-info-box-title\">\n\t\t\t\t\t\t\t\t\tHUNGART\t\t\t\t\t\t\t\t<\/h3>\n\t\t\t\t\t\t\t<\/div>\n\t\t\t\t\t\t\t\t\t\t\t\t\t\t<h5 class=\"pp-info-box-subtitle\">\n\t\t\t\t\t\t\t\tVizu\u00e1lis M\u0171v\u00e9szek K\u00f6z\u00f6s Jogkezel\u0151 T\u00e1rsas\u00e1ga Egyes\u00fclet\t\t\t\t\t\t\t<\/h5>\n\t\t\t\t\t\t\t\t\t\t\t\t<\/div>\n\n\t\t\t\t\t\t\t\t\t\t\t<div class=\"pp-info-box-divider-wrap\">\n\t\t\t\t\t\t\t<div class=\"pp-info-box-divider\"><\/div>\n\t\t\t\t\t\t<\/div>\n\t\t\t\t\t\n\t\t\t\t\t\t\t\t\t\t\t<div class=\"pp-info-box-description\">\n\t\t\t\t\t\t\t<p>c\u00edm: 1055 Budapest, Falk Miksa u. 30.<br \/>el\u00e9rhet\u0151s\u00e9g: tel: +36 1 302 43 86, +36 1 302 3810; fax. +36 1 302 3810<br \/>honlap: http:\/\/www.hungart.org<\/p>\t\t\t\t\t\t<\/div>\n\t\t\t\t\t\t\t\t\t\t\t\t\t\t<\/div>\n\t\t\t<\/div>\n\t\t<\/a>\n\t\t\t\t\t\t<\/div>\n\t\t\t\t<\/div>\n\t\t\t\t<div class=\"elementor-element elementor-element-ec8c55e pp-info-box-top elementor-widget elementor-widget-pp-info-box\" data-id=\"ec8c55e\" data-element_type=\"widget\" data-e-type=\"widget\" data-settings=\"{&quot;icon_position&quot;:&quot;top&quot;}\" data-widget_type=\"pp-info-box.default\">\n\t\t\t\t<div class=\"elementor-widget-container\">\n\t\t\t\t\t\t\t<a class=\"pp-info-box-container\" href=\"https:\/\/www.nka.hu\/\" rel=\"nofollow noopener\" target=\"_blank\">\n\t\t\t<div class=\"pp-info-box\">\n\t\t\t\t\t\t\t\t\t<div class=\"pp-info-box-icon-wrap\">\n\t\t\t\t\t\t\t\t\t\t\t\t\t\t<span class=\"pp-info-box-icon pp-icon\">\n\t\t\t<img loading=\"lazy\" decoding=\"async\" width=\"175\" height=\"175\" src=\"https:\/\/www.filmjus.hu\/assets\/uploads\/partnerek\/nka_logo_175.png\" class=\"attachment-full size-full wp-image-5478\" alt=\"\" srcset=\"https:\/\/www.filmjus.hu\/assets\/uploads\/partnerek\/nka_logo_175.png 175w, https:\/\/www.filmjus.hu\/assets\/uploads\/partnerek\/nka_logo_175-150x150.png 150w\" sizes=\"(max-width: 175px) 100vw, 175px\" \/>\t\t<\/span>\n\t\t\t\t\t\t\t\t\t\t\t\t\t<\/div>\n\t\t\t\t\t\t\t\t<div class=\"pp-info-box-content\">\n\t\t\t\t\t<div class=\"pp-info-box-title-wrap\">\n\t\t\t\t\t\t\t\t\t\t\t\t\t<div class=\"pp-info-box-title-container\">\n\t\t\t\t\t\t\t\t<h3 class=\"pp-info-box-title\">\n\t\t\t\t\t\t\t\t\tNKA\t\t\t\t\t\t\t\t<\/h3>\n\t\t\t\t\t\t\t<\/div>\n\t\t\t\t\t\t\t\t\t\t\t\t\t\t<h5 class=\"pp-info-box-subtitle\">\n\t\t\t\t\t\t\t\tNemzeti Kultur\u00e1lis Alap<\/br><\/br>\t\t\t\t\t\t\t<\/h5>\n\t\t\t\t\t\t\t\t\t\t\t\t<\/div>\n\n\t\t\t\t\t\t\t\t\t\t\t<div class=\"pp-info-box-divider-wrap\">\n\t\t\t\t\t\t\t<div class=\"pp-info-box-divider\"><\/div>\n\t\t\t\t\t\t<\/div>\n\t\t\t\t\t\n\t\t\t\t\t\t\t\t\t\t\t<div class=\"pp-info-box-description\">\n\t\t\t\t\t\t\t<p>c\u00edm: 1085 Budapest, Gyulai P\u00e1l utca 13.<br \/>el\u00e9rhet\u0151s\u00e9g: tel: +36 1 327 4300; fax: +36 1 327 4470<br \/>honlap: https:\/\/www.nka.hu\/<\/p>\t\t\t\t\t\t<\/div>\n\t\t\t\t\t\t\t\t\t\t\t\t\t\t<\/div>\n\t\t\t<\/div>\n\t\t<\/a>\n\t\t\t\t\t\t<\/div>\n\t\t\t\t<\/div>\n\t\t\t\t\t<\/div>\n\t\t<\/div>\n\t\t\t\t\t<\/div>\n\t\t<\/section>\n\t\t\t\t<\/div>\n\t\t","protected":false},"excerpt":{"rendered":"<p>ARTISJUS Magyar Szerz\u0151i Jogv\u00e9d\u0151 Iroda Egyes\u00fclet c\u00edm: 1016 Budapest, M\u00e9sz\u00e1ros utca 15-17.el\u00e9rhet\u0151s\u00e9g: tel.: +36 1 488 2600; fax: +36 1 212 1544honlap: https:\/\/www.artisjus.hu\/ MAHASZ Magyar Hanglemezkiad\u00f3k Sz\u00f6vets\u00e9ge c\u00edm: 1113 Budapest, Harcos t\u00e9r 5.el\u00e9rhet\u0151s\u00e9g: tel.: +36 1 391 4200; fax: +36 1 200 2679honlap: https:\/\/www.mahasz.hu\/ EJI El\u0151ad\u00f3m\u0171v\u00e9szi Jogv\u00e9d\u0151 Iroda c\u00edm: 1068 Budapest, V\u00e1rosligeti fasor 38.el\u00e9rhet\u0151s\u00e9g: tel: [&hellip;]<\/p>\n","protected":false},"author":1,"featured_media":0,"parent":0,"menu_order":0,"comment_status":"closed","ping_status":"closed","template":"","meta":{"_acf_changed":false,"inline_featured_image":false,"footnotes":""},"class_list":["post-565333","page","type-page","status-publish","hentry"],"acf":[],"_links":{"self":[{"href":"https:\/\/www.filmjus.hu\/en\/wp-json\/wp\/v2\/pages\/565333","targetHints":{"allow":["GET"]}}],"collection":[{"href":"https:\/\/www.filmjus.hu\/en\/wp-json\/wp\/v2\/pages"}],"about":[{"href":"https:\/\/www.filmjus.hu\/en\/wp-json\/wp\/v2\/types\/page"}],"author":[{"embeddable":true,"href":"https:\/\/www.filmjus.hu\/en\/wp-json\/wp\/v2\/users\/1"}],"replies":[{"embeddable":true,"href":"https:\/\/www.filmjus.hu\/en\/wp-json\/wp\/v2\/comments?post=565333"}],"version-history":[{"count":3,"href":"https:\/\/www.filmjus.hu\/en\/wp-json\/wp\/v2\/pages\/565333\/revisions"}],"predecessor-version":[{"id":631135,"href":"https:\/\/www.filmjus.hu\/en\/wp-json\/wp\/v2\/pages\/565333\/revisions\/631135"}],"wp:attachment":[{"href":"https:\/\/www.filmjus.hu\/en\/wp-json\/wp\/v2\/media?parent=565333"}],"curies":[{"name":"wp","href":"https:\/\/api.w.org\/{rel}","templated":true}]}}