{"id":10245,"date":"2020-11-03T20:14:44","date_gmt":"2020-11-03T20:14:44","guid":{"rendered":"https:\/\/www.filmjus.hu\/alkoto\/"},"modified":"2022-02-02T16:42:16","modified_gmt":"2022-02-02T15:42:16","slug":"alkoto","status":"publish","type":"page","link":"https:\/\/www.filmjus.hu\/en\/alkoto\/","title":{"rendered":"Alkot\u00f3"},"content":{"rendered":"<div class=\"um um-profile um-10 um-role-\">\n\t<div class=\"um-form\" data-mode=\"profile\" data-form_id=\"10\">\n\t\t\n\t<div class=\"um-header no-cover\">\n\n\t\t\n\t\t<div class=\"um-profile-photo\" data-user_id=\"0\"  aria-invalid=\"false\" >\n\n\t\t\t<a href=\"\" class=\"um-profile-photo-img\" title=\"\">\n\t\t\t\t<img alt='' src='https:\/\/secure.gravatar.com\/avatar\/?s=190&#038;d=mm&#038;r=g' srcset='https:\/\/secure.gravatar.com\/avatar\/?s=380&#038;d=mm&#038;r=g 2x' class='avatar avatar-190 photo avatar-default' height='190' width='190' \/>\t\t\t<\/a>\n\n\t\t\t\n\t\t<\/div>\n\n\t\t<div class=\"um-profile-meta\">\n\n\t\t\t\n\t\t\t<div class=\"um-main-meta\">\n\n\t\t\t\t\t\t\t\t\t<div class=\"um-name\">\n\n\t\t\t\t\t\t<a href=\"\"\n\t\t\t\t\t\t   title=\"\"><\/a>\n\n\t\t\t\t\t\t\t\t\t\t\t<\/div>\n\t\t\t\t\n\t\t\t\t<div class=\"um-clear\"><\/div>\n\n\t\t\t\t\t\t\t<\/div>\n\n\t\t\t\n\t\t\t<div class=\"um-profile-status \">\n\t\t\t\t<span>\n\t\t\t\t\tThis user account status is Undefined\t\t\t\t<\/span>\n\t\t\t<\/div>\n\n\t\t\t\t\t<\/div>\n\t\t<div class=\"um-clear\"><\/div>\n\n\t\t\n\t<\/div>\n\n\t\n\t\t<div class=\"um-profile-header-szerepkor\">\n\t\tAdatb\u00e1zisunkban nyilv\u00e1ntartott alkot\u00f3i szerepk\u00f6rei:\t\t<\/div>\n\t\t<div class=\"um-profile-navbar \">\n\t\t\t\t\t\t<div class=\"um-clear\"><\/div>\n\t\t<\/div>\n\n\t\t\t\t\t\t<div class=\"um-profile-body szerepkorok szerepkorok-default\">\n\n\t\t\t\t\t<div class=\"container\">\n\t<div>\n\t\t\t\t\t\t\t\t\t\t\t\t\t\t\t<\/div>\n<\/div>\n\t\t\t\t\t<div class=\"clear\"><\/div>\n\t\t\t\t<\/div>\n\t\t\t\t\t<\/div>\n<\/div>\n<style>\n\t\t\t.um-10.um {\n\t\t\tmax-width: 1000px;\n\t\t}\n\t\t<\/style>\n<style>\n\t\t\t.um-10.um .um-profile-body {\n\t\t\tmax-width: 1000px;\n\t\t}\n\t\t.um-10.um .um-profile-photo a.um-profile-photo-img {\n\t\twidth: 190px;\n\t\theight: 190px;\n\t}\n\t.um-10.um .um-profile-photo a.um-profile-photo-img {\n\t\ttop: -105px;\n\t}\n\t\t\t.um-10.um .um-profile-meta {\n\t\t\tpadding-left: 250px;\n\t\t}\n\t<\/style>\n\n","protected":false},"excerpt":{"rendered":"","protected":false},"author":1,"featured_media":0,"parent":0,"menu_order":0,"comment_status":"closed","ping_status":"closed","template":"","meta":{"_acf_changed":false,"inline_featured_image":false,"footnotes":""},"class_list":["post-10245","page","type-page","status-publish","hentry"],"acf":[],"_links":{"self":[{"href":"https:\/\/www.filmjus.hu\/en\/wp-json\/wp\/v2\/pages\/10245","targetHints":{"allow":["GET"]}}],"collection":[{"href":"https:\/\/www.filmjus.hu\/en\/wp-json\/wp\/v2\/pages"}],"about":[{"href":"https:\/\/www.filmjus.hu\/en\/wp-json\/wp\/v2\/types\/page"}],"author":[{"embeddable":true,"href":"https:\/\/www.filmjus.hu\/en\/wp-json\/wp\/v2\/users\/1"}],"replies":[{"embeddable":true,"href":"https:\/\/www.filmjus.hu\/en\/wp-json\/wp\/v2\/comments?post=10245"}],"version-history":[{"count":0,"href":"https:\/\/www.filmjus.hu\/en\/wp-json\/wp\/v2\/pages\/10245\/revisions"}],"wp:attachment":[{"href":"https:\/\/www.filmjus.hu\/en\/wp-json\/wp\/v2\/media?parent=10245"}],"curies":[{"name":"wp","href":"https:\/\/api.w.org\/{rel}","templated":true}]}}